{"id":21,"date":"2026-03-26T02:43:34","date_gmt":"2026-03-26T02:43:34","guid":{"rendered":"https:\/\/lightskyblue-shark-496371.hostingersite.com\/product\/custom-3d-bust-4\/"},"modified":"2026-04-04T14:21:40","modified_gmt":"2026-04-04T19:21:40","slug":"custom-3d-bust-4","status":"publish","type":"product","link":"https:\/\/figuras3d.com\/es\/producto\/custom-3d-bust-4\/","title":{"rendered":"Custom Bust Statue"},"content":{"rendered":"<p><span dir=\"auto\" style=\"vertical-align: inherit;\"><span dir=\"auto\" style=\"vertical-align: inherit;\"><span dir=\"auto\" style=\"vertical-align: inherit;\"><span dir=\"auto\" style=\"vertical-align: inherit;\">Nuestras estatuas de busto 3D personalizadas est\u00e1n elaboradas con precisi\u00f3n y esmero, convirtiendo tu foto favorita en una obra de arte atemporal que encaja a la perfecci\u00f3n en cualquier estante o escritorio.<\/span><\/span><\/span><\/span><\/p>","protected":false},"excerpt":{"rendered":"<p>Nuestras estatuas de busto 3D personalizadas est\u00e1n elaboradas con precisi\u00f3n y esmero, convirtiendo tu foto favorita en una obra de arte atemporal que encaja a la perfecci\u00f3n en cualquier estante o escritorio.<\/p>","protected":false},"featured_media":1232,"comment_status":"open","ping_status":"closed","template":"","meta":{"_eb_attr":"","_uag_custom_page_level_css":"","site-sidebar-layout":"default","site-content-layout":"","ast-site-content-layout":"default","site-content-style":"default","site-sidebar-style":"default","ast-global-header-display":"","ast-banner-title-visibility":"","ast-main-header-display":"","ast-hfb-above-header-display":"","ast-hfb-below-header-display":"","ast-hfb-mobile-header-display":"","site-post-title":"","ast-breadcrumbs-content":"","ast-featured-img":"","footer-sml-layout":"","ast-disable-related-posts":"","theme-transparent-header-meta":"default","adv-header-id-meta":"","stick-header-meta":"","header-above-stick-meta":"","header-main-stick-meta":"","header-below-stick-meta":"","astra-migrate-meta-layouts":"set","ast-page-background-enabled":"default","ast-page-background-meta":{"desktop":{"background-color":"var(--ast-global-color-4)","background-image":"","background-repeat":"repeat","background-position":"center center","background-size":"auto","background-attachment":"scroll","background-type":"","background-media":"","overlay-type":"","overlay-color":"","overlay-opacity":"","overlay-gradient":""},"tablet":{"background-color":"","background-image":"","background-repeat":"repeat","background-position":"center center","background-size":"auto","background-attachment":"scroll","background-type":"","background-media":"","overlay-type":"","overlay-color":"","overlay-opacity":"","overlay-gradient":""},"mobile":{"background-color":"","background-image":"","background-repeat":"repeat","background-position":"center center","background-size":"auto","background-attachment":"scroll","background-type":"","background-media":"","overlay-type":"","overlay-color":"","overlay-opacity":"","overlay-gradient":""}},"ast-content-background-meta":{"desktop":{"background-color":"var(--ast-global-color-5)","background-image":"","background-repeat":"repeat","background-position":"center center","background-size":"auto","background-attachment":"scroll","background-type":"","background-media":"","overlay-type":"","overlay-color":"","overlay-opacity":"","overlay-gradient":""},"tablet":{"background-color":"var(--ast-global-color-5)","background-image":"","background-repeat":"repeat","background-position":"center center","background-size":"auto","background-attachment":"scroll","background-type":"","background-media":"","overlay-type":"","overlay-color":"","overlay-opacity":"","overlay-gradient":""},"mobile":{"background-color":"var(--ast-global-color-5)","background-image":"","background-repeat":"repeat","background-position":"center center","background-size":"auto","background-attachment":"scroll","background-type":"","background-media":"","overlay-type":"","overlay-color":"","overlay-opacity":"","overlay-gradient":""}}},"product_brand":[],"product_cat":[15],"product_tag":[],"class_list":{"0":"post-21","1":"product","2":"type-product","3":"status-publish","4":"has-post-thumbnail","6":"product_cat-uncategorized","7":"desktop-align-left","8":"tablet-align-left","9":"mobile-align-left","11":"first","12":"instock","13":"sold-individually","14":"shipping-taxable","15":"product-type-variable"},"aioseo_notices":[],"uagb_featured_image_src":{"full":["https:\/\/figuras3d.com\/wp-content\/uploads\/2026\/03\/33a.png",463,617,false],"thumbnail":["https:\/\/figuras3d.com\/wp-content\/uploads\/2026\/03\/33a-150x150.png",150,150,true],"medium":["https:\/\/figuras3d.com\/wp-content\/uploads\/2026\/03\/33a-225x300.png",225,300,true],"medium_large":["https:\/\/figuras3d.com\/wp-content\/uploads\/2026\/03\/33a.png",463,617,false],"large":["https:\/\/figuras3d.com\/wp-content\/uploads\/2026\/03\/33a.png",463,617,false],"1536x1536":["https:\/\/figuras3d.com\/wp-content\/uploads\/2026\/03\/33a.png",463,617,false],"2048x2048":["https:\/\/figuras3d.com\/wp-content\/uploads\/2026\/03\/33a.png",463,617,false],"trp-custom-language-flag":["https:\/\/figuras3d.com\/wp-content\/uploads\/2026\/03\/33a.png",9,12,false],"woocommerce_thumbnail":["https:\/\/figuras3d.com\/wp-content\/uploads\/2026\/03\/33a-300x300.png",300,300,true],"woocommerce_single":["https:\/\/figuras3d.com\/wp-content\/uploads\/2026\/03\/33a.png",463,617,false],"woocommerce_gallery_thumbnail":["https:\/\/figuras3d.com\/wp-content\/uploads\/2026\/03\/33a-100x100.png",100,100,true]},"uagb_author_info":{"display_name":"daniel.figuras3d@gmail.com","author_link":"https:\/\/figuras3d.com\/es\/author\/"},"uagb_comment_info":0,"uagb_excerpt":"Nuestras estatuas de busto 3D personalizadas est\u00e1n elaboradas con precisi\u00f3n y esmero, convirtiendo tu foto favorita en una obra de arte atemporal que encaja a la perfecci\u00f3n en cualquier estante o escritorio.","_links":{"self":[{"href":"https:\/\/figuras3d.com\/es\/wp-json\/wp\/v2\/product\/21","targetHints":{"allow":["GET"]}}],"collection":[{"href":"https:\/\/figuras3d.com\/es\/wp-json\/wp\/v2\/product"}],"about":[{"href":"https:\/\/figuras3d.com\/es\/wp-json\/wp\/v2\/types\/product"}],"replies":[{"embeddable":true,"href":"https:\/\/figuras3d.com\/es\/wp-json\/wp\/v2\/comments?post=21"}],"wp:featuredmedia":[{"embeddable":true,"href":"https:\/\/figuras3d.com\/es\/wp-json\/wp\/v2\/media\/1232"}],"wp:attachment":[{"href":"https:\/\/figuras3d.com\/es\/wp-json\/wp\/v2\/media?parent=21"}],"wp:term":[{"taxonomy":"product_brand","embeddable":true,"href":"https:\/\/figuras3d.com\/es\/wp-json\/wp\/v2\/product_brand?post=21"},{"taxonomy":"product_cat","embeddable":true,"href":"https:\/\/figuras3d.com\/es\/wp-json\/wp\/v2\/product_cat?post=21"},{"taxonomy":"product_tag","embeddable":true,"href":"https:\/\/figuras3d.com\/es\/wp-json\/wp\/v2\/product_tag?post=21"}],"curies":[{"name":"wp","href":"https:\/\/api.w.org\/{rel}","templated":true}]}}