{"id":12,"date":"2026-04-26T12:39:35","date_gmt":"2026-04-26T17:39:35","guid":{"rendered":"https:\/\/figuras3d.com\/co\/?page_id=12"},"modified":"2026-04-26T12:39:36","modified_gmt":"2026-04-26T17:39:36","slug":"reembolso_devoluciones","status":"publish","type":"page","link":"https:\/\/figuras3d.com\/co\/reembolso_devoluciones\/","title":{"rendered":"Pol\u00edtica de devoluciones y reembolsos"},"content":{"rendered":"\n<h2 class=\"wp-block-heading\">\u00a1Gracias por comprar en figuras3d.com<\/h2>\n\n\n\n<p>Si no est\u00e1s completamente satisfecho con tu compra, estamos aqu\u00ed para ayudarte.<\/p>\n\n\n\n<p><strong>IMPORTANTE:<\/strong> Ten en cuenta que las figuras 3D personalizadas no son elegibles para devoluciones, cambios ni reembolsos, debido a su naturaleza \u00fanica y fabricada bajo pedido, a menos que presenten un defecto de fabricaci\u00f3n evidente.<\/p>\n\n\n\n<h2 class=\"wp-block-heading\">COSTOS DE ENV\u00cdO:<\/h2>\n\n\n\n<p>Eres responsable de cubrir los costos de env\u00edo para las devoluciones. No reembolsamos los costos de env\u00edo originales ni los gastos de env\u00edo de la devoluci\u00f3n.<\/p>\n\n\n\n<h3 class=\"wp-block-heading\">CONT\u00c1CTANOS:<\/h3>\n\n\n\n<p>Si tienes alguna pregunta sobre devoluciones o cambios, no dudes en contactarnos en: <a href=\"https:\/\/figuras3d.com\/co\/contacto\">https:\/\/figuras3d.com\/co\/contacto<\/a><\/p>\n","protected":false},"excerpt":{"rendered":"<p>\u00a1Gracias por comprar en figuras3d.com Si no est\u00e1s completamente satisfecho con tu compra, estamos aqu\u00ed para ayudarte. IMPORTANTE: Ten en [&hellip;]<\/p>\n","protected":false},"author":1,"featured_media":0,"parent":0,"menu_order":0,"comment_status":"closed","ping_status":"closed","template":"","meta":{"site-sidebar-layout":"default","site-content-layout":"","ast-site-content-layout":"default","site-content-style":"default","site-sidebar-style":"default","ast-global-header-display":"","ast-banner-title-visibility":"","ast-main-header-display":"","ast-hfb-above-header-display":"","ast-hfb-below-header-display":"","ast-hfb-mobile-header-display":"","site-post-title":"","ast-breadcrumbs-content":"","ast-featured-img":"","footer-sml-layout":"","ast-disable-related-posts":"","theme-transparent-header-meta":"","adv-header-id-meta":"","stick-header-meta":"","header-above-stick-meta":"","header-main-stick-meta":"","header-below-stick-meta":"","astra-migrate-meta-layouts":"default","ast-page-background-enabled":"default","ast-page-background-meta":{"desktop":{"background-color":"var(--ast-global-color-5)","background-image":"","background-repeat":"repeat","background-position":"center center","background-size":"auto","background-attachment":"scroll","background-type":"","background-media":"","overlay-type":"","overlay-color":"","overlay-opacity":"","overlay-gradient":""},"tablet":{"background-color":"","background-image":"","background-repeat":"repeat","background-position":"center center","background-size":"auto","background-attachment":"scroll","background-type":"","background-media":"","overlay-type":"","overlay-color":"","overlay-opacity":"","overlay-gradient":""},"mobile":{"background-color":"","background-image":"","background-repeat":"repeat","background-position":"center center","background-size":"auto","background-attachment":"scroll","background-type":"","background-media":"","overlay-type":"","overlay-color":"","overlay-opacity":"","overlay-gradient":""}},"ast-content-background-meta":{"desktop":{"background-color":"var(--ast-global-color-4)","background-image":"","background-repeat":"repeat","background-position":"center center","background-size":"auto","background-attachment":"scroll","background-type":"","background-media":"","overlay-type":"","overlay-color":"","overlay-opacity":"","overlay-gradient":""},"tablet":{"background-color":"var(--ast-global-color-4)","background-image":"","background-repeat":"repeat","background-position":"center center","background-size":"auto","background-attachment":"scroll","background-type":"","background-media":"","overlay-type":"","overlay-color":"","overlay-opacity":"","overlay-gradient":""},"mobile":{"background-color":"var(--ast-global-color-4)","background-image":"","background-repeat":"repeat","background-position":"center center","background-size":"auto","background-attachment":"scroll","background-type":"","background-media":"","overlay-type":"","overlay-color":"","overlay-opacity":"","overlay-gradient":""}},"footnotes":""},"class_list":["post-12","page","type-page","status-publish","hentry"],"_links":{"self":[{"href":"https:\/\/figuras3d.com\/co\/wp-json\/wp\/v2\/pages\/12","targetHints":{"allow":["GET"]}}],"collection":[{"href":"https:\/\/figuras3d.com\/co\/wp-json\/wp\/v2\/pages"}],"about":[{"href":"https:\/\/figuras3d.com\/co\/wp-json\/wp\/v2\/types\/page"}],"author":[{"embeddable":true,"href":"https:\/\/figuras3d.com\/co\/wp-json\/wp\/v2\/users\/1"}],"replies":[{"embeddable":true,"href":"https:\/\/figuras3d.com\/co\/wp-json\/wp\/v2\/comments?post=12"}],"version-history":[{"count":1,"href":"https:\/\/figuras3d.com\/co\/wp-json\/wp\/v2\/pages\/12\/revisions"}],"predecessor-version":[{"id":177,"href":"https:\/\/figuras3d.com\/co\/wp-json\/wp\/v2\/pages\/12\/revisions\/177"}],"wp:attachment":[{"href":"https:\/\/figuras3d.com\/co\/wp-json\/wp\/v2\/media?parent=12"}],"curies":[{"name":"wp","href":"https:\/\/api.w.org\/{rel}","templated":true}]}}